{"id":250,"date":"2026-02-21T13:36:36","date_gmt":"2026-02-21T13:36:36","guid":{"rendered":"https:\/\/moreus.eu\/?page_id=250"},"modified":"2026-02-21T13:36:36","modified_gmt":"2026-02-21T13:36:36","slug":"notre-offre-fr","status":"publish","type":"page","link":"https:\/\/moreus.eu\/?page_id=250","title":{"rendered":"NOTRE OFFRE FR"},"content":{"rendered":"\n<p>Notre offre <\/p>\n\n\n\n<p>Depuis 16 ans MOREUS r\u00e9alise des\u00a0<strong>\u00e9tudes de march\u00e9 de terrain<\/strong>\u00a0et valide vos d\u00e9cisions business dans le transport routier international de marchandises, partout en Europe.<\/p>\n\n\n<div class=\"wp-block-image\">\n<figure class=\"aligncenter size-full is-resized\"><img decoding=\"async\" loading=\"lazy\" src=\"http:\/\/moreus.eu\/wp-content\/uploads\/2023\/10\/moreus-2.png\" alt=\"MOREUS OFFRE \u00c9TUDES\" class=\"wp-image-137\" width=\"886\" height=\"592\" srcset=\"https:\/\/moreus.eu\/wp-content\/uploads\/2023\/10\/moreus-2.png 606w, https:\/\/moreus.eu\/wp-content\/uploads\/2023\/10\/moreus-2-300x200.png 300w\" sizes=\"(max-width: 886px) 100vw, 886px\" \/><\/figure><\/div>\n\n\n<h2 class=\"wp-block-heading\">1. \u00c9tudes de march\u00e9 \u00ab pays \u00bb en transport routier<\/h2>\n\n\n\n<ul>\n<li>Enqu\u00eates terrain compl\u00e8tes sur un pays ou une r\u00e9gion (pratiques, co\u00fbts, mod\u00e8les sociaux et \u00e9conomiques).<\/li>\n\n\n\n<li>Entretiens #Face2Face avec dirigeants, exploitants, chauffeurs et partenaires.<a rel=\"noreferrer noopener\" target=\"_blank\" href=\"https:\/\/moreus.eu\/?p=224\"><\/a>\u200b<\/li>\n\n\n\n<li>Rapports d\u00e9taill\u00e9s et recommandations directement utiles pour vos d\u00e9cisions d\u2019investissement et de d\u00e9veloppement.<a rel=\"noreferrer noopener\" target=\"_blank\" href=\"https:\/\/moreus.eu\/?p=4\"><\/a>\u200b<\/li>\n<\/ul>\n\n\n\n<h2 class=\"wp-block-heading\">2. Validation terrain de vos innovations (\u00ab you innovate \u2013 we validate \u00bb)<\/h2>\n\n\n\n<ul>\n<li>Test de nouvelles offres transport, services camions ou solutions digitales aupr\u00e8s de vos clients et partenaires.<\/li>\n\n\n\n<li>V\u00e9rification sur le terrain de vos hypoth\u00e8ses cl\u00e9s (prix, organisation, mod\u00e8le \u00e9conomique) avant d\u00e9ploiement.<\/li>\n\n\n\n<li>R\u00e9duction du risque en vous apportant le retour r\u00e9el du march\u00e9, issu des acteurs op\u00e9rationnels.<\/li>\n<\/ul>\n\n\n\n<h2 class=\"wp-block-heading\">3. Benchmarks et comparaisons internationales<\/h2>\n\n\n\n<ul>\n<li>Comparaison structur\u00e9e de plusieurs pays en termes de pratiques, comp\u00e9titivit\u00e9, organisation et mod\u00e8les sociaux dans le TRM.<\/li>\n\n\n\n<li>Identification des meilleures pratiques et des zones prioritaires pour votre d\u00e9veloppement.<a rel=\"noreferrer noopener\" target=\"_blank\" href=\"https:\/\/moreus.eu\/?p=4\"><\/a>\u200b<\/li>\n<\/ul>\n\n\n\n<h2 class=\"wp-block-heading\">4. \u00c9tudes sur mesure pour transport, automotive et finance<\/h2>\n\n\n\n<ul>\n<li>Missions d\u00e9di\u00e9es aux transporteurs, constructeurs, \u00e9quipementiers et acteurs financiers.<\/li>\n\n\n\n<li>Compr\u00e9hension fine des besoins r\u00e9els des flottes et de leurs clients, par segment et par pays.<\/li>\n<\/ul>\n\n\n\n<h2 class=\"wp-block-heading\">5. Partenariat continu en \u00ab transport knowledge \u00bb<\/h2>\n\n\n\n<ul>\n<li>Veille de terrain r\u00e9currente sur les march\u00e9s europ\u00e9ens du camionnage.<\/li>\n\n\n\n<li>Accompagnement d\u2019institutions et d\u2019entreprises comme partenaire externe en intelligence march\u00e9 transport.<\/li>\n<\/ul>\n\n\n\n<hr class=\"wp-block-separator has-alpha-channel-opacity\"\/>\n\n\n\n<p><strong>Contactez moi:<\/strong><br>D\u00e9crivons ensemble votre besoin (pays, segments, questions business) et nous concevrons une mission d\u2019\u00e9tude de terrain sur mesure pour votre organisation.<\/p>\n\n\n\n<p>Gr\u00e9goire GREGORY<\/p>\n\n\n\n<p>PDG \/ CEO MOREUS SARL<\/p>\n\n\n\n<p>Ex\u00e9cutif MBA \/ RUTL \/ <\/p>\n\n\n\n<p>Double capacit\u00e9s en transport de marchandises et en commissionnaire <\/p>\n\n\n\n<p>67 Cours Mirabeau,<\/p>\n\n\n\n<p>13100 Aix-en-Provence<\/p>\n\n\n\n<p>contact@moreus.eu<\/p>\n\n\n\n<figure class=\"wp-block-image size-full\"><img decoding=\"async\" loading=\"lazy\" width=\"770\" height=\"870\" src=\"https:\/\/moreus.eu\/wp-content\/uploads\/2026\/02\/Gregoire-GREGORY-012026.png\" alt=\"\" class=\"wp-image-251\" srcset=\"https:\/\/moreus.eu\/wp-content\/uploads\/2026\/02\/Gregoire-GREGORY-012026.png 770w, https:\/\/moreus.eu\/wp-content\/uploads\/2026\/02\/Gregoire-GREGORY-012026-266x300.png 266w, https:\/\/moreus.eu\/wp-content\/uploads\/2026\/02\/Gregoire-GREGORY-012026-768x868.png 768w\" sizes=\"(max-width: 770px) 100vw, 770px\" \/><\/figure>\n","protected":false},"excerpt":{"rendered":"<p>Notre offre Depuis 16 ans MOREUS r\u00e9alise des\u00a0\u00e9tudes de march\u00e9 de terrain\u00a0et valide vos d\u00e9cisions business dans le transport routier international de marchandises, partout en Europe. 1. \u00c9tudes de march\u00e9 \u00ab pays \u00bb en transport routier 2. Validation terrain de vos innovations (\u00ab you innovate \u2013 we validate \u00bb) 3. Benchmarks et comparaisons internationales 4. [&hellip;]<\/p>\n","protected":false},"author":1,"featured_media":0,"parent":0,"menu_order":0,"comment_status":"closed","ping_status":"closed","template":"","meta":[],"_links":{"self":[{"href":"https:\/\/moreus.eu\/index.php?rest_route=\/wp\/v2\/pages\/250"}],"collection":[{"href":"https:\/\/moreus.eu\/index.php?rest_route=\/wp\/v2\/pages"}],"about":[{"href":"https:\/\/moreus.eu\/index.php?rest_route=\/wp\/v2\/types\/page"}],"author":[{"embeddable":true,"href":"https:\/\/moreus.eu\/index.php?rest_route=\/wp\/v2\/users\/1"}],"replies":[{"embeddable":true,"href":"https:\/\/moreus.eu\/index.php?rest_route=%2Fwp%2Fv2%2Fcomments&post=250"}],"version-history":[{"count":1,"href":"https:\/\/moreus.eu\/index.php?rest_route=\/wp\/v2\/pages\/250\/revisions"}],"predecessor-version":[{"id":252,"href":"https:\/\/moreus.eu\/index.php?rest_route=\/wp\/v2\/pages\/250\/revisions\/252"}],"wp:attachment":[{"href":"https:\/\/moreus.eu\/index.php?rest_route=%2Fwp%2Fv2%2Fmedia&parent=250"}],"curies":[{"name":"wp","href":"https:\/\/api.w.org\/{rel}","templated":true}]}}